{"id":6240,"date":"2021-08-31T12:25:07","date_gmt":"2021-08-31T10:25:07","guid":{"rendered":"https:\/\/www.brionne.com\/contact-us-at\/"},"modified":"2025-03-03T10:57:34","modified_gmt":"2025-03-03T09:57:34","slug":"contact-us-at","status":"publish","type":"page","link":"https:\/\/www.brionne.com\/en\/contact-us-at\/","title":{"rendered":"Contact us at"},"content":{"rendered":"\n<div class=\"wp-block-toolset-blocks-container tb-container page-generique\" data-toolset-blocks-container=\"2783c5129a1aaf36f4672a0dff8e29c3\"><div class=\"tb-container-inner\">\n<div class=\"wp-block-toolset-blocks-container tb-container\" data-toolset-blocks-container=\"f479f31847ee7b72a41cb13cb079d36a\">\n<h1 class=\"tb-heading has-background\" data-toolset-blocks-heading=\"c07e0f4fe13bdfb9ac88bf7e6e20f906\" data-last-update=\"1.4\">Contact us<\/h1>\n<\/div>\n\n\n\n<div class=\"wp-block-toolset-cred-form nous-contacter-form\"><form enctype=\"multipart\/form-data\" id=\"cred_form_146_1_1\" class=\"cred-form cred-keep-original\" action=\"\/en\/wp-json\/wp\/v2\/pages\/6240?_tt=1778540852\" data-form=\"{&quot;form_id&quot;:&quot;cred_form_146_1_1&quot;,&quot;use_ajax&quot;:&quot;0&quot;,&quot;wpv_page&quot;:1}\" data-conditionals=\"[]\" method=\"post\">\r\n\t<div id=\"wpt-form-message-146\"\n\t\t\t              data-message-single=\"Le formulaire n&#039;a pas \u00e9t\u00e9 envoy\u00e9 \u00e0 cause du probl\u00e8me suivant :\"\n\t\t\t              data-message-plural=\"Le formulaire n&#039;a pas \u00e9t\u00e9 envoy\u00e9 \u00e0 cause des probl\u00e8mes %NN suivants :\"\n\t\t\t              style=\"display:none;\" class=\"wpt-top-form-error wpt-form-error wpt-form-error-wrapper alert alert-danger alert alert-warning\"><\/div>\t\r\n<div class=\"form-flex\">\t\r\n<div class=\"form-group\">\r\n\t\t  <label>Name<span>*<\/span><\/label>\r\n      <div class=\"js-wpt-field-items js-wpt-repetitive wpt-repetitive\" data-initial-conditional=\"\" data-item_name=\"textfield-wpcf-nom\">\r\n<input type=\"text\" id=\"cred_form_146_1_1_nom\" name=\"wpcf-nom\" value=\"\" class=\"form-control wpt-form-textfield form-textfield textfield\" output=\"\" preset_value=\"\" urlparam=\"\" preview=\"\" previewsize=\"\" select_label=\"\" edit_label=\"\" value_escape=\"\" make_readonly=\"\" placeholder=\"\" select_text=\"\" data-wpt-validate=\"{&quot;required&quot;:{&quot;args&quot;:{&quot;1&quot;:true},&quot;message&quot;:&quot;This field is required.&quot;}}\" data-wpt-field-title=\"Name\" data-parsley-required=\"true\" data-parsley-required-message=\"This field is required.\" data-parsley-credfilesize=\"134217728\" data-wpt-type=\"textfield\" data-wpt-id=\"cred_form_146_1_1_cred_form_146_1_1_nom\" data-wpt-name=\"wpcf-nom\" \/>\r\n<\/div>\r\n\t<\/div>\r\n<div class=\"form-group\">\r\n   <label>First name<span>*<\/span><\/label>\r\n\t\t<div class=\"js-wpt-field-items js-wpt-repetitive wpt-repetitive\" data-initial-conditional=\"\" data-item_name=\"textfield-wpcf-prenom\">\r\n<input type=\"text\" id=\"cred_form_146_1_1_prenom\" name=\"wpcf-prenom\" value=\"\" class=\"form-control wpt-form-textfield form-textfield textfield\" output=\"\" preset_value=\"\" urlparam=\"\" preview=\"\" previewsize=\"\" select_label=\"\" edit_label=\"\" value_escape=\"\" make_readonly=\"\" placeholder=\"\" select_text=\"\" data-wpt-validate=\"{&quot;required&quot;:{&quot;args&quot;:{&quot;1&quot;:true},&quot;message&quot;:&quot;This field is required.&quot;}}\" data-wpt-field-title=\"First name\" data-parsley-required=\"true\" data-parsley-required-message=\"This field is required.\" data-parsley-credfilesize=\"134217728\" data-wpt-type=\"textfield\" data-wpt-id=\"cred_form_146_1_1_cred_form_146_1_1_prenom\" data-wpt-name=\"wpcf-prenom\" \/>\r\n<\/div>\r\n\t<\/div>\r\n<\/div>\r\n<div class=\"form-flex\">\t\r\n\t<div class=\"form-group\">\r\n       <label>Email address<span>*<\/span><\/label>\r\n\t\t<div class=\"js-wpt-field-items js-wpt-repetitive wpt-repetitive\" data-initial-conditional=\"\" data-item_name=\"email-wpcf-email\">\r\n<input type=\"text\" id=\"cred_form_146_1_1_email\" name=\"wpcf-email\" value=\"\" class=\"form-control wpt-form-textfield form-textfield textfield\" output=\"\" preset_value=\"\" urlparam=\"\" preview=\"\" previewsize=\"\" select_label=\"\" edit_label=\"\" value_escape=\"\" make_readonly=\"\" placeholder=\"\" select_text=\"\" data-wpt-validate=\"{&quot;required&quot;:{&quot;args&quot;:{&quot;1&quot;:true},&quot;message&quot;:&quot;This field is required.&quot;},&quot;email&quot;:{&quot;args&quot;:{&quot;1&quot;:true},&quot;message&quot;:&quot;Please enter a valid email address.&quot;}}\" data-wpt-field-title=\"Email address\" data-parsley-required=\"true\" data-parsley-required-message=\"This field is required.\" data-parsley-credfilesize=\"134217728\" data-parsley-type=\"email\" data-parsley-error-message=\"Please enter a valid email address.\" data-wpt-type=\"textfield\" data-wpt-id=\"cred_form_146_1_1_cred_form_146_1_1_email\" data-wpt-name=\"wpcf-email\" \/>\r\n<\/div>\r\n\t<\/div>\r\n\t<div class=\"form-group\">\r\n      <label>Phone<\/label>\r\n      <div class=\"js-wpt-field-items js-wpt-repetitive wpt-repetitive\" data-initial-conditional=\"\" data-item_name=\"phone-wpcf-telephone\">\r\n<input type=\"text\" id=\"cred_form_146_1_1_telephone\" name=\"wpcf-telephone\" value=\"\" class=\"form-control wpt-form-textfield form-textfield textfield\" output=\"\" preset_value=\"\" urlparam=\"\" preview=\"\" previewsize=\"\" select_label=\"\" edit_label=\"\" value_escape=\"\" make_readonly=\"\" placeholder=\"\" select_text=\"\" data-wpt-type=\"textfield\" data-wpt-id=\"cred_form_146_1_1_cred_form_146_1_1_telephone\" data-wpt-name=\"wpcf-telephone\" \/>\r\n<\/div>\r\n      <span style=\"font-style:italic;color:black;line-height:18px;padding-top:6px;\">Your data will not be passed on to any third party or used for commercial purposes other than those related to this application.<\/span>\r\n\t<\/div>\r\n<\/div>\r\n\t<div class=\"form-group\">\r\n         <label>Your request<br>\r\n           <span style=\"font-style:italic;color:black;\">(maximum of 200 characters)<\/span><\/label>\r\n\t\t<div class=\"js-wpt-field-items js-wpt-repetitive wpt-repetitive\" data-initial-conditional=\"\" data-item_name=\"textarea-wpcf-message\">\r\n<textarea id=\"cred_form_146_1_1_message\" name=\"wpcf-message\" class=\"form-control wpt-form-textarea form-textarea textarea\" output=\"\" preset_value=\"\" urlparam=\"\" preview=\"\" previewsize=\"\" select_label=\"\" edit_label=\"\" value_escape=\"\" make_readonly=\"\" placeholder=\"\" select_text=\"\" rows=\"5\" cols=\"1\" data-wpt-type=\"textarea\" data-wpt-id=\"cred_form_146_1_1_cred_form_146_1_1_message\" data-wpt-name=\"wpcf-message\"><\/textarea>\r\n\r\n<\/div>\r\n\t<\/div>\r\n\t<div class=\"form-group form-group-file\">\t\r\n    \r\n      <div class=\"js-wpt-field-items js-wpt-repetitive wpt-repetitive\" data-initial-conditional=\"\" data-item_name=\"credfile-wpcf-joindre-un-fichier\">\r\n\r\n<input type=\"file\" id=\"cred_form_146_1_1_joindre-un-fichier\" name=\"wpcf-joindre-un-fichier\" class=\"wpt-credfile-upload-file js-wpt-credfile-upload-file js-toolset-media-input-file-upload form-control wpt-form-file form-file file\" alt=\"\" res=\"\" style=\"\" data-wpt-validate=\"{&quot;mime_type&quot;:{&quot;args&quot;:[&quot;image\\\/jpeg|image\\\/gif|image\\\/png|application\\\/pdf|audio\\\/mp3&quot;],&quot;message&quot;:&quot;You cannot upload a file of this type&quot;},&quot;extension&quot;:{&quot;args&quot;:[&quot;jpg|jpeg|gif|png|pdf|mp3&quot;],&quot;message&quot;:&quot;You cannot upload a file of this type&quot;},&quot;credfilesize&quot;:{&quot;args&quot;:[134217728],&quot;message&quot;:&quot;You cannot upload a file of this size&quot;},&quot;credfiletype&quot;:{&quot;args&quot;:[&quot;file&quot;],&quot;message&quot;:&quot;You cannot upload a file of this type&quot;}}\" data-wpt-field-title=\"Attach a file\" data-parsley-extension=\"jpg|jpeg|gif|png|pdf|mp3\" data-parsley-credfilesize=\"134217728\" data-parsley-credfiletype=\"file\" data-wpt-type=\"file\" data-wpt-id=\"cred_form_146_1_1_cred_form_146_1_1_joindre-un-fichier\" data-wpt-name=\"wpcf-joindre-un-fichier\" \/>\r\n<input type=\"hidden\" id=\"cred_form_146_1_1_joindre-un-fichier_hidden\" name=\"wpcf-joindre-un-fichier\" value=\"\" class=\"js-wpv-credfile-hidden wpt-form-hidden form-hidden\" data-wpt-type=\"file\" data-wpt-id=\"cred_form_146_1_1_cred_form_146_1_1_joindre-un-fichier_hidden\" data-wpt-name=\"wpcf-joindre-un-fichier\" \/><span class=\"wpt-credfile-preview js-wpt-credfile-preview js-toolset-media-field-preview\" style=\"margin-bottom:10px;display:none;\"><span class=\"wpt-credfile-preview-item js-wpt-credfile-preview-item js-toolset-media-field-preview-item\"><\/span><\/span><div class=\"wpt-credfile-action js-wpt-credfile-action js-toolset-media-field-action\"><input type=\"button\" data-action=\"delete\" class=\"wpt-credfile-delete js-wpt-credfile-delete js-toolset-media-basic-field-delete\" value=\"Clear value\" style=\"width:100%;margin-top:2px;margin-bottom:2px;display:none;\" \/><\/div><\/div>\r\n      <label>\r\n        <div>Attach a file<br><span>(maximum 5 Mb)<\/span><\/div>\r\n    <p class=\"file-name\"><\/p>\r\n        <\/label>\r\n\t<\/div>\r\n<div class=\"form-flex\">\t\r\n\t<div class=\"form-group\">\r\n\t  <label>How did you hear about us?<span>*<\/span><\/label>\r\n      <div class=\"js-wpt-field-items js-wpt-repetitive wpt-repetitive\" data-initial-conditional=\"\" data-item_name=\"select-wpcf-connaitre\">\r\n<select id=\"cred_form_146_1_1_connaitre\"  class=\"form-control wpt-form-select form-select select\" output=\"bootstrap\" preset_value=\"\" urlparam=\"\" preview=\"\" previewsize=\"\" select_label=\"\" edit_label=\"\" value_escape=\"\" make_readonly=\"\" placeholder=\"\" select_text=\"\" data-wpt-validate=\"{&quot;required&quot;:{&quot;args&quot;:{&quot;1&quot;:true},&quot;message&quot;:&quot;Ce champ est requis.&quot;}}\" data-wpt-field-title=\"Connaitre\" data-parsley-required=\"true\" data-parsley-required-message=\"Ce champ est requis.\" data-parsley-credfilesize=\"134217728\" data-wpt-type=\"select\" name=\"wpcf-connaitre\">\r\n<option value=\"\" class=\"wpt-form-option form-option option\" data-wpt-type=\"option\" data-wpt-id=\"cred_form_146_1_1_cred_form_146_1_1_connaitre\" data-wpt-name=\"wpcf-connaitre\">Choose from the list<\/option>\r\n<option value=\"Sur les r\u00e9seaux sociaux\" class=\"wpt-form-option form-option option\" data-wpt-type=\"option\" data-wpt-id=\"cred_form_146_1_1_cred_form_146_1_1_connaitre\" data-wpt-name=\"wpcf-connaitre\">On social networks<\/option>\r\n<option value=\"Par un professionnel\" class=\"wpt-form-option form-option option\" data-wpt-type=\"option\" data-wpt-id=\"cred_form_146_1_1_cred_form_146_1_1_connaitre\" data-wpt-name=\"wpcf-connaitre\">Par un professionnel<\/option>\r\n<option value=\"Par un particulier\" class=\"wpt-form-option form-option option\" data-wpt-type=\"option\" data-wpt-id=\"cred_form_146_1_1_cred_form_146_1_1_connaitre\" data-wpt-name=\"wpcf-connaitre\">By an individual<\/option>\r\n<option value=\"Autre\" class=\"wpt-form-option form-option option\" data-wpt-type=\"option\" data-wpt-id=\"cred_form_146_1_1_cred_form_146_1_1_connaitre\" data-wpt-name=\"wpcf-connaitre\">Other<\/option>\r\n<\/select>\n<\/div>\r\n\t<\/div>\r\n\r\n<div class=\"container-rgpd-required\">\t\r\n<div class=\"form-group-cb-inline\">\r\n\t\t<div class=\"js-wpt-field-items js-wpt-repetitive wpt-repetitive\" data-initial-conditional=\"\" data-item_name=\"checkbox-wpcf-confirmation-rgpd\"><input type=\"checkbox\" id=\"cred_form_146_1_1_confirmation-rgpd\" name=\"wpcf-confirmation-rgpd\" data-wpt-type=\"checkbox\" data-wpt-id=\"cred_form_146_1_1_cred_form_146_1_1_confirmation-rgpd\" data-wpt-name=\"wpcf-confirmation-rgpd\" value=\"1\" class=\"form-control rggpd wpt-form-checkbox form-checkbox checkbox\" output=\"\" preset_value=\"\" urlparam=\"\" preview=\"\" previewsize=\"\" select_label=\"\" edit_label=\"\" value_escape=\"\" make_readonly=\"\" placeholder=\"\" select_text=\"\" data-wpt-validate=\"{&quot;required&quot;:{&quot;args&quot;:{&quot;1&quot;:true},&quot;message&quot;:&quot;Ce champ est requis.&quot;}}\" data-wpt-field-title=\"RGPD confirmation\" data-parsley-required=\"true\" data-parsley-required-message=\"Ce champ est requis.\" data-parsley-credfilesize=\"134217728\" \/>&nbsp;<label class=\"wpt-form-label wpt-form-checkbox-label\" for=\"cred_form_146_1_1_confirmation-rgpd\">RGPD confirmation&#42;<\/label>\r\n<input type=\"hidden\" name=\"_wptoolset_checkbox[cred_form_146_1_1_wpcf-confirmation-rgpd]\" value=\"1\" \/>\r\n\r\n<\/div>\r\n      <div class=\"recaptcha\"><div class=\"js-wpt-field-items js-wpt-repetitive wpt-repetitive\" data-initial-conditional=\"\" data-item_name=\"recaptcha-recaptcha\"><div id=\"recaptcha_cred_form_146_1_1_recaptcha\" class=\"g-recaptcha\" data-sitekey=\"6Lcf7Y0kAAAAALNiT5jRjvx6osYDals6JRtiS6PJ\"><\/div><div class=\"recaptcha_error\" style=\"color:#aa0000;display:none;\">Please validate reCAPTCHA<\/div>\r\n\r\n<input type=\"text\" id=\"cred_form_146_1_1__recaptcha\" name=\"_recaptcha\" value=\"\" style=\"display:none;\" class=\"wpt-form-textfield form-textfield textfield\" data-wpt-type=\"textfield\" data-wpt-id=\"cred_form_146_1_1_cred_form_146_1_1__recaptcha\" data-wpt-name=\"_recaptcha\" \/>\r\n<\/div><\/div>\r\n\t<\/div>\r\n\t<div class=\"required-sentence\">\r\n      * Required fields\r\n\t<\/div>\r\n<\/div>\r\n  <\/div>\t\r\n\r\n\r\n  <div class=\"container-recaptcha-submit\">\r\n  <div class=\"form-bt\"><input type=\"submit\" id=\"cred_form_146_1_1_form_submit_1\" name=\"form_submit_1\" value=\"Send my request\" class=\"btn btn-primary btn-lg wpt-form-submit form-submit submit\" \/><\/div>\r\n<\/div>\r\n\r\n\r\n<input type=\"hidden\" id=\"cred_form_146_1_1__cred_cred_prefix_post_id\" name=\"_cred_cred_prefix_post_id\" value=\"1520531\" class=\"wpt-form-hidden form-hidden\" data-wpt-id=\"cred_form_146_1_1_cred_form_146_1_1__cred_cred_prefix_post_id\" data-wpt-name=\"_cred_cred_prefix_post_id\" \/><input type=\"hidden\" id=\"cred_form_146_1_1__cred_cred_prefix_cred_container_id\" name=\"_cred_cred_prefix_cred_container_id\" value=\"6240\" class=\"wpt-form-hidden form-hidden\" data-wpt-id=\"cred_form_146_1_1_cred_form_146_1_1__cred_cred_prefix_cred_container_id\" data-wpt-name=\"_cred_cred_prefix_cred_container_id\" \/><input type=\"hidden\" id=\"cred_form_146_1_1__cred_cred_prefix_form_id\" name=\"_cred_cred_prefix_form_id\" value=\"146\" class=\"wpt-form-hidden form-hidden\" data-wpt-id=\"cred_form_146_1_1_cred_form_146_1_1__cred_cred_prefix_form_id\" data-wpt-name=\"_cred_cred_prefix_form_id\" \/><input type=\"hidden\" id=\"cred_form_146_1_1__cred_cred_prefix_form_count\" name=\"_cred_cred_prefix_form_count\" value=\"1\" class=\"wpt-form-hidden form-hidden\" data-wpt-id=\"cred_form_146_1_1_cred_form_146_1_1__cred_cred_prefix_form_count\" data-wpt-name=\"_cred_cred_prefix_form_count\" \/><\/form><\/div>\n<\/div><\/div>\n","protected":false},"excerpt":{"rendered":"","protected":false},"author":1,"featured_media":0,"parent":0,"menu_order":0,"comment_status":"closed","ping_status":"closed","template":"","meta":{"site-sidebar-layout":"default","site-content-layout":"default","ast-site-content-layout":"default","site-content-style":"default","site-sidebar-style":"default","ast-global-header-display":"","ast-banner-title-visibility":"","ast-main-header-display":"","ast-hfb-above-header-display":"","ast-hfb-below-header-display":"","ast-hfb-mobile-header-display":"","site-post-title":"disabled","ast-breadcrumbs-content":"","ast-featured-img":"","footer-sml-layout":"","ast-disable-related-posts":"","theme-transparent-header-meta":"default","adv-header-id-meta":"","stick-header-meta":"default","header-above-stick-meta":"","header-main-stick-meta":"","header-below-stick-meta":"","astra-migrate-meta-layouts":"default","ast-page-background-enabled":"default","ast-page-background-meta":{"desktop":{"background-color":"","background-image":"","background-repeat":"repeat","background-position":"center center","background-size":"auto","background-attachment":"scroll","background-type":"","background-media":"","overlay-type":"","overlay-color":"","overlay-opacity":"","overlay-gradient":""},"tablet":{"background-color":"","background-image":"","background-repeat":"repeat","background-position":"center center","background-size":"auto","background-attachment":"scroll","background-type":"","background-media":"","overlay-type":"","overlay-color":"","overlay-opacity":"","overlay-gradient":""},"mobile":{"background-color":"","background-image":"","background-repeat":"repeat","background-position":"center center","background-size":"auto","background-attachment":"scroll","background-type":"","background-media":"","overlay-type":"","overlay-color":"","overlay-opacity":"","overlay-gradient":""}},"ast-content-background-meta":{"desktop":{"background-color":"var(--ast-global-color-5)","background-image":"","background-repeat":"repeat","background-position":"center center","background-size":"auto","background-attachment":"scroll","background-type":"","background-media":"","overlay-type":"","overlay-color":"","overlay-opacity":"","overlay-gradient":""},"tablet":{"background-color":"var(--ast-global-color-5)","background-image":"","background-repeat":"repeat","background-position":"center center","background-size":"auto","background-attachment":"scroll","background-type":"","background-media":"","overlay-type":"","overlay-color":"","overlay-opacity":"","overlay-gradient":""},"mobile":{"background-color":"var(--ast-global-color-5)","background-image":"","background-repeat":"repeat","background-position":"center center","background-size":"auto","background-attachment":"scroll","background-type":"","background-media":"","overlay-type":"","overlay-color":"","overlay-opacity":"","overlay-gradient":""}},"footnotes":""},"class_list":["post-6240","page","type-page","status-publish","hentry"],"_links":{"self":[{"href":"https:\/\/www.brionne.com\/en\/wp-json\/wp\/v2\/pages\/6240","targetHints":{"allow":["GET"]}}],"collection":[{"href":"https:\/\/www.brionne.com\/en\/wp-json\/wp\/v2\/pages"}],"about":[{"href":"https:\/\/www.brionne.com\/en\/wp-json\/wp\/v2\/types\/page"}],"author":[{"embeddable":true,"href":"https:\/\/www.brionne.com\/en\/wp-json\/wp\/v2\/users\/1"}],"replies":[{"embeddable":true,"href":"https:\/\/www.brionne.com\/en\/wp-json\/wp\/v2\/comments?post=6240"}],"version-history":[{"count":0,"href":"https:\/\/www.brionne.com\/en\/wp-json\/wp\/v2\/pages\/6240\/revisions"}],"wp:attachment":[{"href":"https:\/\/www.brionne.com\/en\/wp-json\/wp\/v2\/media?parent=6240"}],"curies":[{"name":"wp","href":"https:\/\/api.w.org\/{rel}","templated":true}]}}